{"id":2,"date":"2020-10-21T06:20:21","date_gmt":"2020-10-21T04:20:21","guid":{"rendered":"http:\/\/www.roanne-perruque.com\/?page_id=2"},"modified":"2026-03-01T16:42:09","modified_gmt":"2026-03-01T15:42:09","slug":"page-d-exemple","status":"publish","type":"page","link":"https:\/\/www.roanne-perruque.com\/","title":{"rendered":"Bienvenue chez Vogue proth\u00e8se"},"content":{"rendered":"\n<div class=\"wp-block-media-text alignwide is-stacked-on-mobile\" style=\"grid-template-columns:43% auto\"><figure class=\"wp-block-media-text__media\"><img loading=\"lazy\" width=\"1024\" height=\"683\" src=\"http:\/\/www.roanne-perruque.com\/wp-content\/uploads\/2022\/04\/DSC_0732-1024x683.jpg\" alt=\"Vogue Proth\u00e8se\" class=\"wp-image-474 size-full\" srcset=\"https:\/\/www.roanne-perruque.com\/wp-content\/uploads\/2022\/04\/DSC_0732-1024x683.jpg 1024w, https:\/\/www.roanne-perruque.com\/wp-content\/uploads\/2022\/04\/DSC_0732-300x200.jpg 300w, https:\/\/www.roanne-perruque.com\/wp-content\/uploads\/2022\/04\/DSC_0732-768x512.jpg 768w, https:\/\/www.roanne-perruque.com\/wp-content\/uploads\/2022\/04\/DSC_0732-1536x1024.jpg 1536w, https:\/\/www.roanne-perruque.com\/wp-content\/uploads\/2022\/04\/DSC_0732-830x553.jpg 830w, https:\/\/www.roanne-perruque.com\/wp-content\/uploads\/2022\/04\/DSC_0732-230x153.jpg 230w, https:\/\/www.roanne-perruque.com\/wp-content\/uploads\/2022\/04\/DSC_0732-350x233.jpg 350w, https:\/\/www.roanne-perruque.com\/wp-content\/uploads\/2022\/04\/DSC_0732-480x320.jpg 480w, https:\/\/www.roanne-perruque.com\/wp-content\/uploads\/2022\/04\/DSC_0732.jpg 2048w\" sizes=\"(max-width: 1024px) 100vw, 1024px\" \/><\/figure><div class=\"wp-block-media-text__content\">\n<p><\/p>\n\n\n\n<p><\/p>\n\n\n\n<p><\/p>\n\n\n\n<p><strong>Laurence Gimel<\/strong> vous accueille dans un cadre privatif et cosi, pour vous proposer une <strong>perruque adapt\u00e9e <\/strong>ainsi que des <strong>Soins capillaires<\/strong>.<\/p>\n\n\n\n<p>Apr\u00e8s 27 ans \u00e0 la t\u00eate de Vogue Coiffure, Laurence se consacre d\u00e9sormais exclusivement \u00e0 la proth\u00e8se capillaire et aux probl\u00e8mes de chute de cheveux.<\/p>\n\n\n\n<p>A l\u2019\u00e9coute, elle saura vous consacrer tout le temps n\u00e9cessaire pour trouver une solution personnalis\u00e9e :<\/p>\n\n\n\n<ul><li>Soit en arr\u00eatant la chute de cheveux gr\u00e2ce \u00e0 un traitement ad\u00e9quat de la Biosth\u00e9tique R d\u00e9termin\u00e9 par une analyse microscopique du cheveu.<\/li><li>Soit en proposant un compl\u00e9ment de cheveux qui viendra se fondre \u00e0 votre chevelure. Le Top Pi\u00e8ce, facile \u00e0 mettre en seulement quatre clips, vous redonnera bien-\u00eatre et confiance imm\u00e9diatement.<\/li><li>Soit en accompagnant dans le choix d\u2019une chevelure compl\u00e8te. Vous aurez la possibilit\u00e9 d\u2019essayer parmi une large collection disponible sur place, sans oublier les accesoires (bonnets, turbans, foulards).<\/li><\/ul>\n\n\n\n<p>Profitez d\u2019un moment en toute intimit\u00e9, seulement pour vous.<\/p>\n\n\n\n<p><\/p>\n<\/div><\/div>\n\n\n\n<p>Les qualit\u00e9s d&rsquo;\u00e9coutes et de conseils de<strong> Laurence Gimel<\/strong>, l&rsquo;ont amen\u00e9e \u00e0 proposer de nouvelles solutions , et notamment une gamme compl\u00e8te de <strong>perruques, de top pi\u00e8ce<\/strong> et de <strong>soins capillaires<\/strong>. Nous vous accueillerons dans un <strong>lieu privatif<\/strong>, o\u00f9 Laurence vous proposera <strong>une s\u00e9lection adapt\u00e9e<\/strong> \u00e0 vos besoins et \u00e0 votre morphologie<strong> tout en respectant votre choix et vos envies<\/strong>.<\/p>\n\n\n\n<p>Retrouvez nous sur <a rel=\"noreferrer noopener\" href=\"https:\/\/www.facebook.com\/laurence.gimel.1\" target=\"_blank\">facebook<\/a><\/p>\n","protected":false},"excerpt":{"rendered":"<p>Laurence Gimel vous accueille dans un cadre privatif et cosi, pour vous proposer une perruque adapt\u00e9e ainsi que des Soins capillaires. Apr\u00e8s 27 ans \u00e0 la t\u00eate de Vogue Coiffure, Laurence se consacre d\u00e9sormais exclusivement \u00e0 la proth\u00e8se capillaire et aux probl\u00e8mes de chute de cheveux. A l\u2019\u00e9coute, elle saura vous consacrer tout le temps [&hellip;]<\/p>\n","protected":false},"author":1,"featured_media":0,"parent":0,"menu_order":0,"comment_status":"closed","ping_status":"open","template":"page-templates\/page_fullwidth.php","meta":[],"_links":{"self":[{"href":"https:\/\/www.roanne-perruque.com\/index.php\/wp-json\/wp\/v2\/pages\/2"}],"collection":[{"href":"https:\/\/www.roanne-perruque.com\/index.php\/wp-json\/wp\/v2\/pages"}],"about":[{"href":"https:\/\/www.roanne-perruque.com\/index.php\/wp-json\/wp\/v2\/types\/page"}],"author":[{"embeddable":true,"href":"https:\/\/www.roanne-perruque.com\/index.php\/wp-json\/wp\/v2\/users\/1"}],"replies":[{"embeddable":true,"href":"https:\/\/www.roanne-perruque.com\/index.php\/wp-json\/wp\/v2\/comments?post=2"}],"version-history":[{"count":11,"href":"https:\/\/www.roanne-perruque.com\/index.php\/wp-json\/wp\/v2\/pages\/2\/revisions"}],"predecessor-version":[{"id":543,"href":"https:\/\/www.roanne-perruque.com\/index.php\/wp-json\/wp\/v2\/pages\/2\/revisions\/543"}],"wp:attachment":[{"href":"https:\/\/www.roanne-perruque.com\/index.php\/wp-json\/wp\/v2\/media?parent=2"}],"curies":[{"name":"wp","href":"https:\/\/api.w.org\/{rel}","templated":true}]}}