{"id":157,"date":"2020-11-05T14:49:57","date_gmt":"2020-11-05T13:49:57","guid":{"rendered":"http:\/\/www.roanne-perruque.com\/?page_id=157"},"modified":"2021-02-16T10:25:58","modified_gmt":"2021-02-16T09:25:58","slug":"solutions-pour-cheveux-fins","status":"publish","type":"page","link":"https:\/\/www.roanne-perruque.com\/index.php\/solutions-pour-cheveux-fins\/","title":{"rendered":"Solutions pour cheveux fins"},"content":{"rendered":"\n<h1 class=\"has-text-align-center\">Les Top pi\u00e8ces<\/h1>\n\n\n\n<div class=\"wp-container-4 wp-block-columns\">\n<div class=\"wp-container-1 wp-block-column\">\n<figure class=\"wp-block-image size-full\"><img loading=\"lazy\" width=\"1600\" height=\"1600\" src=\"http:\/\/www.roanne-perruque.com\/wp-content\/uploads\/2020\/11\/ew_changes_game_1.jpg\" alt=\"\" class=\"wp-image-158\" srcset=\"https:\/\/www.roanne-perruque.com\/wp-content\/uploads\/2020\/11\/ew_changes_game_1.jpg 1600w, https:\/\/www.roanne-perruque.com\/wp-content\/uploads\/2020\/11\/ew_changes_game_1-300x300.jpg 300w, https:\/\/www.roanne-perruque.com\/wp-content\/uploads\/2020\/11\/ew_changes_game_1-1024x1024.jpg 1024w, https:\/\/www.roanne-perruque.com\/wp-content\/uploads\/2020\/11\/ew_changes_game_1-150x150.jpg 150w, https:\/\/www.roanne-perruque.com\/wp-content\/uploads\/2020\/11\/ew_changes_game_1-768x768.jpg 768w, https:\/\/www.roanne-perruque.com\/wp-content\/uploads\/2020\/11\/ew_changes_game_1-1536x1536.jpg 1536w, https:\/\/www.roanne-perruque.com\/wp-content\/uploads\/2020\/11\/ew_changes_game_1-830x830.jpg 830w, https:\/\/www.roanne-perruque.com\/wp-content\/uploads\/2020\/11\/ew_changes_game_1-230x230.jpg 230w, https:\/\/www.roanne-perruque.com\/wp-content\/uploads\/2020\/11\/ew_changes_game_1-350x350.jpg 350w, https:\/\/www.roanne-perruque.com\/wp-content\/uploads\/2020\/11\/ew_changes_game_1-480x480.jpg 480w\" sizes=\"(max-width: 1600px) 100vw, 1600px\" \/><\/figure>\n<\/div>\n\n\n\n<div class=\"wp-container-2 wp-block-column\">\n<h2>Des compl\u00e9ments invisibles<br>  <\/h2>\n\n\n\n<p>Les compl\u00e9ments ellen wille sont de plus en plus recherch\u00e9s comme accessoires de beaut\u00e9. Rien d&rsquo;\u00e9tonnant, car ces volumateurs particuli\u00e8rement l\u00e9gers se confondent naturellement aux vrais cheveux et procurent le volume souhait\u00e9 en quelques secondes. Un confort impeccable et un large choix de couleurs naturelles sublimeront votre allure au quotidien !<\/p>\n<\/div>\n\n\n\n<div class=\"wp-container-3 wp-block-column\">\n<figure class=\"wp-block-image size-full\"><img loading=\"lazy\" width=\"1600\" height=\"1600\" src=\"http:\/\/www.roanne-perruque.com\/wp-content\/uploads\/2020\/11\/ew_changes_alive_3.jpg\" alt=\"\" class=\"wp-image-159\" srcset=\"https:\/\/www.roanne-perruque.com\/wp-content\/uploads\/2020\/11\/ew_changes_alive_3.jpg 1600w, https:\/\/www.roanne-perruque.com\/wp-content\/uploads\/2020\/11\/ew_changes_alive_3-300x300.jpg 300w, https:\/\/www.roanne-perruque.com\/wp-content\/uploads\/2020\/11\/ew_changes_alive_3-1024x1024.jpg 1024w, https:\/\/www.roanne-perruque.com\/wp-content\/uploads\/2020\/11\/ew_changes_alive_3-150x150.jpg 150w, https:\/\/www.roanne-perruque.com\/wp-content\/uploads\/2020\/11\/ew_changes_alive_3-768x768.jpg 768w, https:\/\/www.roanne-perruque.com\/wp-content\/uploads\/2020\/11\/ew_changes_alive_3-1536x1536.jpg 1536w, https:\/\/www.roanne-perruque.com\/wp-content\/uploads\/2020\/11\/ew_changes_alive_3-830x830.jpg 830w, https:\/\/www.roanne-perruque.com\/wp-content\/uploads\/2020\/11\/ew_changes_alive_3-230x230.jpg 230w, https:\/\/www.roanne-perruque.com\/wp-content\/uploads\/2020\/11\/ew_changes_alive_3-350x350.jpg 350w, https:\/\/www.roanne-perruque.com\/wp-content\/uploads\/2020\/11\/ew_changes_alive_3-480x480.jpg 480w\" sizes=\"(max-width: 1600px) 100vw, 1600px\" \/><\/figure>\n<\/div>\n<\/div>\n\n\n\n<div class=\"wp-container-10 wp-block-columns\">\n<div class=\"wp-container-5 wp-block-column\">\n<div class=\"wp-block-image\"><figure class=\"alignright size-medium\"><img loading=\"lazy\" width=\"146\" height=\"300\" src=\"http:\/\/www.roanne-perruque.com\/wp-content\/uploads\/2021\/02\/top3b2-1-146x300.png\" alt=\"\" class=\"wp-image-356\" srcset=\"https:\/\/www.roanne-perruque.com\/wp-content\/uploads\/2021\/02\/top3b2-1-146x300.png 146w, https:\/\/www.roanne-perruque.com\/wp-content\/uploads\/2021\/02\/top3b2-1-230x473.png 230w, https:\/\/www.roanne-perruque.com\/wp-content\/uploads\/2021\/02\/top3b2-1-350x720.png 350w, https:\/\/www.roanne-perruque.com\/wp-content\/uploads\/2021\/02\/top3b2-1.png 419w\" sizes=\"(max-width: 146px) 100vw, 146px\" \/><\/figure><\/div>\n<\/div>\n\n\n\n<div class=\"wp-container-9 wp-block-column\">\n<div class=\"wp-block-image\"><figure class=\"alignleft size-medium\"><img loading=\"lazy\" width=\"146\" height=\"300\" src=\"http:\/\/www.roanne-perruque.com\/wp-content\/uploads\/2021\/02\/top3a2-1-146x300.jpg\" alt=\"\" class=\"wp-image-357\" srcset=\"https:\/\/www.roanne-perruque.com\/wp-content\/uploads\/2021\/02\/top3a2-1-146x300.jpg 146w, https:\/\/www.roanne-perruque.com\/wp-content\/uploads\/2021\/02\/top3a2-1-230x473.jpg 230w, https:\/\/www.roanne-perruque.com\/wp-content\/uploads\/2021\/02\/top3a2-1-350x720.jpg 350w, https:\/\/www.roanne-perruque.com\/wp-content\/uploads\/2021\/02\/top3a2-1.jpg 419w\" sizes=\"(max-width: 146px) 100vw, 146px\" \/><\/figure><\/div>\n\n\n\n<div class=\"wp-container-8 wp-block-columns\">\n<div class=\"wp-container-6 wp-block-column\"><\/div>\n\n\n\n<div class=\"wp-container-7 wp-block-column\"><\/div>\n<\/div>\n<\/div>\n<\/div>\n\n\n\n<div class=\"wp-container-13 wp-block-columns\">\n<div class=\"wp-container-11 wp-block-column\">\n<div class=\"wp-block-image\"><figure class=\"alignright size-medium\"><img loading=\"lazy\" width=\"144\" height=\"300\" src=\"http:\/\/www.roanne-perruque.com\/wp-content\/uploads\/2021\/02\/top11a-144x300.jpg\" alt=\"\" class=\"wp-image-358\" srcset=\"https:\/\/www.roanne-perruque.com\/wp-content\/uploads\/2021\/02\/top11a-144x300.jpg 144w, https:\/\/www.roanne-perruque.com\/wp-content\/uploads\/2021\/02\/top11a-230x480.jpg 230w, https:\/\/www.roanne-perruque.com\/wp-content\/uploads\/2021\/02\/top11a-350x731.jpg 350w, https:\/\/www.roanne-perruque.com\/wp-content\/uploads\/2021\/02\/top11a.jpg 419w\" sizes=\"(max-width: 144px) 100vw, 144px\" \/><\/figure><\/div>\n<\/div>\n\n\n\n<div class=\"wp-container-12 wp-block-column\">\n<div class=\"wp-block-image\"><figure class=\"alignleft size-medium\"><img loading=\"lazy\" width=\"140\" height=\"300\" src=\"http:\/\/www.roanne-perruque.com\/wp-content\/uploads\/2021\/02\/top11b-140x300.jpg\" alt=\"\" class=\"wp-image-359\" srcset=\"https:\/\/www.roanne-perruque.com\/wp-content\/uploads\/2021\/02\/top11b-140x300.jpg 140w, https:\/\/www.roanne-perruque.com\/wp-content\/uploads\/2021\/02\/top11b-230x492.jpg 230w, https:\/\/www.roanne-perruque.com\/wp-content\/uploads\/2021\/02\/top11b-350x749.jpg 350w, https:\/\/www.roanne-perruque.com\/wp-content\/uploads\/2021\/02\/top11b.jpg 409w\" sizes=\"(max-width: 140px) 100vw, 140px\" \/><\/figure><\/div>\n<\/div>\n<\/div>\n\n\n\n<figure class=\"wp-container-15 wp-block-gallery-14 wp-block-gallery columns-3 is-cropped\"><ul class=\"blocks-gallery-grid\"><li class=\"blocks-gallery-item\"><figure><img loading=\"lazy\" width=\"408\" height=\"605\" src=\"http:\/\/www.roanne-perruque.com\/wp-content\/uploads\/2021\/02\/topower1r-1.jpg\" alt=\"\" data-id=\"360\" data-full-url=\"http:\/\/www.roanne-perruque.com\/wp-content\/uploads\/2021\/02\/topower1r-1.jpg\" data-link=\"http:\/\/www.roanne-perruque.com\/index.php\/solutions-pour-cheveux-fins\/topower1r-1\/\" class=\"wp-image-360\" srcset=\"https:\/\/www.roanne-perruque.com\/wp-content\/uploads\/2021\/02\/topower1r-1.jpg 408w, https:\/\/www.roanne-perruque.com\/wp-content\/uploads\/2021\/02\/topower1r-1-202x300.jpg 202w, https:\/\/www.roanne-perruque.com\/wp-content\/uploads\/2021\/02\/topower1r-1-230x341.jpg 230w, https:\/\/www.roanne-perruque.com\/wp-content\/uploads\/2021\/02\/topower1r-1-350x519.jpg 350w\" sizes=\"(max-width: 408px) 100vw, 408px\" \/><\/figure><\/li><li class=\"blocks-gallery-item\"><figure><img loading=\"lazy\" width=\"388\" height=\"614\" src=\"http:\/\/www.roanne-perruque.com\/wp-content\/uploads\/2021\/02\/topower22r-1.jpg\" alt=\"\" data-id=\"361\" data-full-url=\"http:\/\/www.roanne-perruque.com\/wp-content\/uploads\/2021\/02\/topower22r-1.jpg\" data-link=\"http:\/\/www.roanne-perruque.com\/index.php\/solutions-pour-cheveux-fins\/topower22r-1\/\" class=\"wp-image-361\" srcset=\"https:\/\/www.roanne-perruque.com\/wp-content\/uploads\/2021\/02\/topower22r-1.jpg 388w, https:\/\/www.roanne-perruque.com\/wp-content\/uploads\/2021\/02\/topower22r-1-190x300.jpg 190w, https:\/\/www.roanne-perruque.com\/wp-content\/uploads\/2021\/02\/topower22r-1-230x364.jpg 230w, https:\/\/www.roanne-perruque.com\/wp-content\/uploads\/2021\/02\/topower22r-1-350x554.jpg 350w\" sizes=\"(max-width: 388px) 100vw, 388px\" \/><\/figure><\/li><li class=\"blocks-gallery-item\"><figure><img loading=\"lazy\" width=\"390\" height=\"591\" src=\"http:\/\/www.roanne-perruque.com\/wp-content\/uploads\/2021\/02\/topower32r-1.jpg\" alt=\"\" data-id=\"362\" data-full-url=\"http:\/\/www.roanne-perruque.com\/wp-content\/uploads\/2021\/02\/topower32r-1.jpg\" data-link=\"http:\/\/www.roanne-perruque.com\/index.php\/solutions-pour-cheveux-fins\/topower32r-1\/\" class=\"wp-image-362\" srcset=\"https:\/\/www.roanne-perruque.com\/wp-content\/uploads\/2021\/02\/topower32r-1.jpg 390w, https:\/\/www.roanne-perruque.com\/wp-content\/uploads\/2021\/02\/topower32r-1-198x300.jpg 198w, https:\/\/www.roanne-perruque.com\/wp-content\/uploads\/2021\/02\/topower32r-1-230x349.jpg 230w, https:\/\/www.roanne-perruque.com\/wp-content\/uploads\/2021\/02\/topower32r-1-350x530.jpg 350w\" sizes=\"(max-width: 390px) 100vw, 390px\" \/><\/figure><\/li><\/ul><\/figure>\n","protected":false},"excerpt":{"rendered":"<p>Les Top pi\u00e8ces Des compl\u00e9ments invisibles Les compl\u00e9ments ellen wille sont de plus en plus recherch\u00e9s comme accessoires de beaut\u00e9. Rien d&rsquo;\u00e9tonnant, car ces volumateurs particuli\u00e8rement l\u00e9gers se confondent naturellement aux vrais cheveux et procurent le volume souhait\u00e9 en quelques secondes. Un confort impeccable et un large choix de couleurs naturelles sublimeront votre allure au [&hellip;]<\/p>\n","protected":false},"author":1,"featured_media":0,"parent":0,"menu_order":0,"comment_status":"closed","ping_status":"closed","template":"page-templates\/page_fullwidth.php","meta":[],"_links":{"self":[{"href":"https:\/\/www.roanne-perruque.com\/index.php\/wp-json\/wp\/v2\/pages\/157"}],"collection":[{"href":"https:\/\/www.roanne-perruque.com\/index.php\/wp-json\/wp\/v2\/pages"}],"about":[{"href":"https:\/\/www.roanne-perruque.com\/index.php\/wp-json\/wp\/v2\/types\/page"}],"author":[{"embeddable":true,"href":"https:\/\/www.roanne-perruque.com\/index.php\/wp-json\/wp\/v2\/users\/1"}],"replies":[{"embeddable":true,"href":"https:\/\/www.roanne-perruque.com\/index.php\/wp-json\/wp\/v2\/comments?post=157"}],"version-history":[{"count":18,"href":"https:\/\/www.roanne-perruque.com\/index.php\/wp-json\/wp\/v2\/pages\/157\/revisions"}],"predecessor-version":[{"id":423,"href":"https:\/\/www.roanne-perruque.com\/index.php\/wp-json\/wp\/v2\/pages\/157\/revisions\/423"}],"wp:attachment":[{"href":"https:\/\/www.roanne-perruque.com\/index.php\/wp-json\/wp\/v2\/media?parent=157"}],"curies":[{"name":"wp","href":"https:\/\/api.w.org\/{rel}","templated":true}]}}